{"id":20827,"date":"2026-01-18T21:01:42","date_gmt":"2026-01-18T21:01:42","guid":{"rendered":"https:\/\/www.infest.es\/bases-fora-de-pla\/"},"modified":"2026-02-09T19:59:21","modified_gmt":"2026-02-09T19:59:21","slug":"bases-fora-de-pla","status":"publish","type":"page","link":"http:\/\/www.infest.es\/ca\/bases-fora-de-pla\/","title":{"rendered":"Bases Fora de pla"},"content":{"rendered":"\t\t<div data-elementor-type=\"wp-page\" data-elementor-id=\"20827\" class=\"elementor elementor-20827 elementor-20754\">\n\t\t\t\t\t\t\t\t\t<section class=\"elementor-section elementor-top-section elementor-element elementor-element-23ad7c7 elementor-section-boxed elementor-section-height-default elementor-section-height-default\" data-id=\"23ad7c7\" data-element_type=\"section\">\n\t\t\t\t\t\t<div class=\"elementor-container elementor-column-gap-default\">\n\t\t\t\t\t<div class=\"elementor-column elementor-col-50 elementor-top-column elementor-element elementor-element-63e18b1\" data-id=\"63e18b1\" data-element_type=\"column\">\n\t\t\t<div class=\"elementor-widget-wrap elementor-element-populated\">\n\t\t\t\t\t\t\t\t<div class=\"elementor-element elementor-element-68accb6 elementor-widget elementor-widget-text-editor\" data-id=\"68accb6\" data-element_type=\"widget\" data-widget_type=\"text-editor.default\">\n\t\t\t\t<div class=\"elementor-widget-container\">\n\t\t\t<style>\/*! elementor - v3.13.3 - 28-05-2023 *\/\n.elementor-widget-text-editor.elementor-drop-cap-view-stacked .elementor-drop-cap{background-color:#69727d;color:#fff}.elementor-widget-text-editor.elementor-drop-cap-view-framed .elementor-drop-cap{color:#69727d;border:3px solid;background-color:transparent}.elementor-widget-text-editor:not(.elementor-drop-cap-view-default) .elementor-drop-cap{margin-top:8px}.elementor-widget-text-editor:not(.elementor-drop-cap-view-default) .elementor-drop-cap-letter{width:1em;height:1em}.elementor-widget-text-editor .elementor-drop-cap{float:left;text-align:center;line-height:1;font-size:50px}.elementor-widget-text-editor .elementor-drop-cap-letter{display:inline-block}<\/style>\t\t\t\t<p>BASES DELS VIIII PREMIS DEL VALL\u00c8S &#8220;FORA DE PLA&#8221;<\/p>\t\t\t\t\t\t<\/div>\n\t\t\t\t<\/div>\n\t\t\t\t<div class=\"elementor-element elementor-element-b6943a3 elementor-drop-cap-yes elementor-drop-cap-view-default elementor-widget elementor-widget-text-editor\" data-id=\"b6943a3\" data-element_type=\"widget\" data-settings=\"{&quot;drop_cap&quot;:&quot;yes&quot;}\" data-widget_type=\"text-editor.default\">\n\t\t\t\t<div class=\"elementor-widget-container\">\n\t\t\t\t\t\t\t<ol><li>Els projectes participants han d\u2019estar realitzats dins l\u2019\u00e0mbit del Vall\u00e8s Occidental o del Vall\u00e8s Oriental.<\/li><li>S\u2019entendr\u00e0 que un projecte pertany a l\u2019\u00e0mbit del Vall\u00e8s Occidental o Vall\u00e8s Oriental si el seu director\/a, guionista i\/o actor\/actriu principal \u00e9s natiu\/va o est\u00e0 registrat\/da al padr\u00f3 de qualsevol de les ciutats que pertanyen a una d\u2019aquestes dues comarques. Aix\u00ed mateix, un projecte la companyia productora del qual estigui adscrita a una d\u2019aquestes comarques tamb\u00e9 ser\u00e0 adm\u00e8s a participar.<\/li><li>No hi ha restricci\u00f3 d\u2019edat per participar.<\/li><li>No hi ha restricci\u00f3 en el nombre de projectes per participant.<\/li><li>Els projectes presentats a concurs poden ser de qualsevol g\u00e8nere o format.<\/li><li>La durada dels projectes a concurs no ha de superar els 20 minuts, incloent-hi els cr\u00e8dits. Excepcionalment s\u2019admetran projectes de durada superior, per\u00f2 si algun d\u2019aquests \u00e9s seleccionat entre els finalistes, nom\u00e9s s\u2019exhibiran els primers 20 minuts durant la cerim\u00f2nia dels Premis Fora de Pla.<\/li><li>L\u2019idioma de les obres pot ser castell\u00e0, catal\u00e0 o qualsevol altre idioma sempre que s\u2019incloguin subt\u00edtols en castell\u00e0 o catal\u00e0.<\/li><li>Qualsevol projecte pot ser desestimat si la seva producci\u00f3 no ofereix les garanties t\u00e8cniques necess\u00e0ries per a una correcta projecci\u00f3 cinematogr\u00e0fica.<\/li><li>No s\u2019admetran projectes realitzats abans de l\u20191 de gener de 2024.<\/li><li>La data l\u00edmit per a la presentaci\u00f3 dels projectes \u00e9s el 30 de maig de 2026 (inclusive).<\/li><li>Els projectes es faran arribar a l\u2019organitzaci\u00f3 dels Premis Fora de Pla a trav\u00e9s del correu electr\u00f2nic <a href=\"mailto:infest.rubi@gmail.com\">infest.rubi@gmail.com<\/a> amb l\u2019assumpte Premis Fora de Pla, seguit del nom del projecte. Al missatge s\u2019haur\u00e0 d\u2019incloure:<br \/><ol type=\"a\"><li>Una c\u00f2pia adjunta o un enlla\u00e7 de visualitzaci\u00f3 del projecte audiovisual, que haur\u00e0 de tenir una resoluci\u00f3 m\u00ednima de 720\u00d7576 p\u00edxels, en qualsevol d\u2019aquests formats digitals: AVI, MPEG, MOV, WMV, MKV, etc., amb el v\u00eddeo codificat en H264 i \u00e0udio en AAC.<\/li><li>Dades t\u00e8cniques del projecte audiovisual adjuntades, com els noms del director, guionista, companyia productora (si escau), any de rodatge\/producci\u00f3, format (documental, curtmetratge, webs\u00e8rie, videoclip, etc.), g\u00e8nere, durada i un mitj\u00e0 de contacte (tel\u00e8fon, correu electr\u00f2nic\u2026)<\/li><li>Adjuntar una c\u00f2pia del NIF o del certificat d\u2019empadronament per acreditar que el creador (director\/a o guionista) est\u00e0 vinculat a un dels municipis del Vall\u00e8s Oriental o Occidental, o, si escau, el domicili social de la companyia productora del projecte audiovisual.<\/li><\/ol><\/li><li>L\u2019organitzaci\u00f3 del festival s\u2019encarregar\u00e0 de la selecci\u00f3 dels projectes finalistes i contactar\u00e0 amb els directors\/es, guionistes i\/o productors dels projectes seleccionats amb una antelaci\u00f3 no inferior a 20 dies abans de la celebraci\u00f3 de la gala dels Premis del Vall\u00e8s.<\/li><li>Un jurat triat per l\u2019organitzaci\u00f3 determinar\u00e0 el projecte premiat com a Millor projecte del Vall\u00e8s 2026, que inclou una dotaci\u00f3 econ\u00f2mica de 150 euros. L\u2019ingr\u00e9s d\u2019aquesta quantitat es realitzar\u00e0 per transfer\u00e8ncia banc\u00e0ria. L\u2019organitzaci\u00f3 del festival no es far\u00e0 c\u00e0rrec en cap cas de les comissions relatives a una transfer\u00e8ncia de cr\u00e8dit a un compte corrent no europeu. Per percebre la dotaci\u00f3 econ\u00f2mica associada al premi Millor projecte del Vall\u00e8s 2026, ser\u00e0 indispensable l\u2019emissi\u00f3 per part del guanyador de la factura corresponent. L\u2019incompliment d\u2019aquest requisit implica la ren\u00fancia per part del guanyador a percebre l\u2019import.<\/li><li>L\u2019organitzaci\u00f3 del festival dels Premis Fora de Pla comunicar\u00e0 la decisi\u00f3 del jurat durant la gala d\u2019aquesta edici\u00f3 dels Premis del Vall\u00e8s, que est\u00e0 prevista pel 9 de juliol de 2026 a l\u2019anfiteatre del Castell de Rub\u00ed.<\/li><li>Si el g\u00e8nere del projecte guanyador dels Premis Fora de Pla \u00e9s af\u00ed a la tem\u00e0tica del festival InFest (Festival Internacional de Curtmetratges de Ci\u00e8ncia Ficci\u00f3, Terror i Freak de Rub\u00ed), aquest podr\u00e0 ser incl\u00f2s a concurs per a la seva 12a edici\u00f3, i l\u2019organitzaci\u00f3 es reserva el dret d\u2019emetre\u2019l fora de concurs si no \u00e9s seleccionat entre els curts finalistes.<\/li><li>La decisi\u00f3 del jurat ser\u00e0 inapel\u00b7lable. L\u2019organitzaci\u00f3 es reserva la possibilitat de declarar desert el premi.<\/li><li>L\u2019organitzaci\u00f3 podr\u00e0 utilitzar fragments de les obres finalistes per a la difusi\u00f3 del festival en qualsevol mitj\u00e0 de comunicaci\u00f3 durant un per\u00edode de temps indefinit i sense \u00e0nim de lucre.<\/li><li>Les obres finalistes passaran a formar part de la videoteca del Festival i podran ser projectades en actes amb finalitats culturals i divulgatives, sense \u00e0nim comercial.<\/li><li>La participaci\u00f3 en els Premis Fora de Pla implica l\u2019acceptaci\u00f3 de les bases d\u2019aquesta convocat\u00f2ria. Qualsevol situaci\u00f3, conflicte o incid\u00e8ncia no prevista en aquestes bases es resoldr\u00e0 acatant la decisi\u00f3 del comit\u00e8 organitzador dels Premis Fora de Pla. Aix\u00ed mateix, l\u2019Associaci\u00f3 InFest no es responsabilitzar\u00e0 de qualsevol possible vulneraci\u00f3 dels drets de propietat intel\u00b7lectual de les obres presentades a concurs.<\/li><\/ol><p><img decoding=\"async\" loading=\"lazy\" src=\"http:\/\/www.infest.es\/wp-content\/uploads\/2026\/01\/premis-fora.webp\" alt=\"\" width=\"272\" height=\"148\" \/><\/p>\t\t\t\t\t\t<\/div>\n\t\t\t\t<\/div>\n\t\t\t\t\t<\/div>\n\t\t<\/div>\n\t\t\t\t<div class=\"elementor-column elementor-col-50 elementor-top-column elementor-element elementor-element-5c3b0d6\" data-id=\"5c3b0d6\" data-element_type=\"column\">\n\t\t\t<div class=\"elementor-widget-wrap\">\n\t\t\t\t\t\t\t\t\t<\/div>\n\t\t<\/div>\n\t\t\t\t\t\t\t<\/div>\n\t\t<\/section>\n\t\t\t\t\t\t\t<\/div>\n\t\t","protected":false},"excerpt":{"rendered":"<p>BASES DELS VIIII PREMIS DEL VALL\u00c8S &#8220;FORA DE PLA&#8221; Els [&hellip;]<\/p>\n","protected":false},"author":1,"featured_media":0,"parent":0,"menu_order":0,"comment_status":"closed","ping_status":"closed","template":"","meta":[],"_links":{"self":[{"href":"http:\/\/www.infest.es\/ca\/wp-json\/wp\/v2\/pages\/20827"}],"collection":[{"href":"http:\/\/www.infest.es\/ca\/wp-json\/wp\/v2\/pages"}],"about":[{"href":"http:\/\/www.infest.es\/ca\/wp-json\/wp\/v2\/types\/page"}],"author":[{"embeddable":true,"href":"http:\/\/www.infest.es\/ca\/wp-json\/wp\/v2\/users\/1"}],"replies":[{"embeddable":true,"href":"http:\/\/www.infest.es\/ca\/wp-json\/wp\/v2\/comments?post=20827"}],"version-history":[{"count":13,"href":"http:\/\/www.infest.es\/ca\/wp-json\/wp\/v2\/pages\/20827\/revisions"}],"predecessor-version":[{"id":20895,"href":"http:\/\/www.infest.es\/ca\/wp-json\/wp\/v2\/pages\/20827\/revisions\/20895"}],"wp:attachment":[{"href":"http:\/\/www.infest.es\/ca\/wp-json\/wp\/v2\/media?parent=20827"}],"curies":[{"name":"wp","href":"https:\/\/api.w.org\/{rel}","templated":true}]}}