{"id":20821,"date":"2026-01-18T20:50:58","date_gmt":"2026-01-18T20:50:58","guid":{"rendered":"https:\/\/www.infest.es\/bases-del-certamen\/"},"modified":"2026-02-09T20:34:21","modified_gmt":"2026-02-09T20:34:21","slug":"bases-del-certamen","status":"publish","type":"page","link":"http:\/\/www.infest.es\/ca\/bases-del-certamen\/","title":{"rendered":"Bases del Cert\u00e0men"},"content":{"rendered":"\t\t<div data-elementor-type=\"wp-page\" data-elementor-id=\"20821\" class=\"elementor elementor-20821 elementor-20748\">\n\t\t\t\t\t\t\t\t\t<section class=\"elementor-section elementor-top-section elementor-element elementor-element-8dbd04c elementor-section-boxed elementor-section-height-default elementor-section-height-default\" data-id=\"8dbd04c\" data-element_type=\"section\">\n\t\t\t\t\t\t<div class=\"elementor-container elementor-column-gap-default\">\n\t\t\t\t\t<div class=\"elementor-column elementor-col-16 elementor-top-column elementor-element elementor-element-507b234\" data-id=\"507b234\" data-element_type=\"column\">\n\t\t\t<div class=\"elementor-widget-wrap\">\n\t\t\t\t\t\t\t\t\t<\/div>\n\t\t<\/div>\n\t\t\t\t<div class=\"elementor-column elementor-col-66 elementor-top-column elementor-element elementor-element-43982b2\" data-id=\"43982b2\" data-element_type=\"column\">\n\t\t\t<div class=\"elementor-widget-wrap\">\n\t\t\t\t\t\t\t\t\t<\/div>\n\t\t<\/div>\n\t\t\t\t<div class=\"elementor-column elementor-col-16 elementor-top-column elementor-element elementor-element-02f85ca\" data-id=\"02f85ca\" data-element_type=\"column\">\n\t\t\t<div class=\"elementor-widget-wrap\">\n\t\t\t\t\t\t\t\t\t<\/div>\n\t\t<\/div>\n\t\t\t\t\t\t\t<\/div>\n\t\t<\/section>\n\t\t\t\t<section class=\"elementor-section elementor-top-section elementor-element elementor-element-14804ce elementor-section-boxed elementor-section-height-default elementor-section-height-default\" data-id=\"14804ce\" data-element_type=\"section\">\n\t\t\t\t\t\t<div class=\"elementor-container elementor-column-gap-default\">\n\t\t\t\t\t<div class=\"elementor-column elementor-col-100 elementor-top-column elementor-element elementor-element-e59d5b2\" data-id=\"e59d5b2\" data-element_type=\"column\">\n\t\t\t<div class=\"elementor-widget-wrap elementor-element-populated\">\n\t\t\t\t\t\t\t\t<div class=\"elementor-element elementor-element-2dd49d6 elementor-widget elementor-widget-text-editor\" data-id=\"2dd49d6\" data-element_type=\"widget\" data-widget_type=\"text-editor.default\">\n\t\t\t\t<div class=\"elementor-widget-container\">\n\t\t\t<style>\/*! elementor - v3.13.3 - 28-05-2023 *\/\n.elementor-widget-text-editor.elementor-drop-cap-view-stacked .elementor-drop-cap{background-color:#69727d;color:#fff}.elementor-widget-text-editor.elementor-drop-cap-view-framed .elementor-drop-cap{color:#69727d;border:3px solid;background-color:transparent}.elementor-widget-text-editor:not(.elementor-drop-cap-view-default) .elementor-drop-cap{margin-top:8px}.elementor-widget-text-editor:not(.elementor-drop-cap-view-default) .elementor-drop-cap-letter{width:1em;height:1em}.elementor-widget-text-editor .elementor-drop-cap{float:left;text-align:center;line-height:1;font-size:50px}.elementor-widget-text-editor .elementor-drop-cap-letter{display:inline-block}<\/style>\t\t\t\t<p style=\"text-align: left;\"><b>BASES DE L\u2019ONZENA EDICI\u00d3 DEL FESTIVAL INFEST RUB\u00cd 2026<\/b><\/p>\n<p><span style=\"font-weight: 400;\">1. L\u2019\u00e0mbit de participaci\u00f3 \u00e9s internacional.<\/span><\/p>\n<p><span style=\"font-weight: 400;\">2. Podr\u00e0 participar qualsevol persona sense restricci\u00f3 d\u2019edat.<\/span><\/p>\n<p><span style=\"font-weight: 400;\">3. No hi ha l\u00edmit d\u2019obres presentades per autor.<\/span><\/p>\n<p><span style=\"font-weight: 400;\">4. Les obres presentades han de ser curts de ficci\u00f3, de g\u00e8nere FANT\u00c0STIC, FREAK, CI\u00c8NCIA-FICCI\u00d3 i TERROR.<\/span><\/p>\n<p><span style=\"font-weight: 400;\">5. La durada de les obres no podr\u00e0 superar els 15 minuts, exclosos els cr\u00e8dits.<\/span><\/p>\n<p><span style=\"font-weight: 400;\">6. Si l\u2019idioma original d\u2019una obra no \u00e9s catal\u00e0 o castell\u00e0, s\u2019hauran de presentar subt\u00edtols en catal\u00e0 o castell\u00e0, o b\u00e9 hauria d\u2019estar doblada a qualsevol d\u2019aquests dos idiomes.<\/span><\/p>\n<p><span style=\"font-weight: 400;\">7. Qualsevol producci\u00f3 que no ofereixi les garanties t\u00e8cniques necess\u00e0ries per a una bona projecci\u00f3 pot ser rebutjada.<\/span><\/p>\n<p><span style=\"font-weight: 400;\">8. No s\u2019admetran curts realitzats abans de l\u20191 de gener de 2022.<\/span><\/p>\n<p><span style=\"font-weight: 400;\">9. No s\u2019acceptaran obres que hagin estat seleccionades com a \u201cFinalistes\u201d en edicions anteriors del festival.<\/span><\/p>\n<p><span style=\"font-weight: 400;\">10. La data l\u00edmit per lliurar les obres ser\u00e0 el 3 de maig de 2026.<\/span><\/p>\n<p><span style=\"font-weight: 400;\">11. S\u2019haur\u00e0 d\u2019entregar una c\u00f2pia del curtmetratge en format digital amb una resoluci\u00f3 m\u00ednima de 1280&#215;720 p\u00edxels, en qualsevol d\u2019aquests formats digitals: AVI, MPEG, MOV, WMV, MKV, etc., amb el v\u00eddeo codificat en H264 i \u00e0udio en AAC.<\/span><br \/>\n<span style=\"font-weight: 400;\">Les obres es poden fer arribar a l\u2019organitzaci\u00f3 a trav\u00e9s de plataformes digitals com MOVIBETA, FESTHOME, CLICK FOR FESTIVALS i FILMFREEWAY.<\/span><br \/>\n<span style=\"font-weight: 400;\">Excepcionalment es valorar\u00e0 l\u2019admissi\u00f3 d\u2019obres que es facin arribar a trav\u00e9s d\u2019un enlla\u00e7 de visualitzaci\u00f3 a l\u2019adre\u00e7a de correu electr\u00f2nic <a href=\"mailto:infest.rubi@gmail.com\">infest.rubi@gmail.com<\/a><\/span><\/p>\n<ol start=\"12\">\n<li><span style=\"font-weight: 400;\">Les despeses d\u2019enviament aniran a c\u00e0rrec dels participants.<\/span><\/li>\n<li><span style=\"font-weight: 400;\">L\u2019organitzaci\u00f3 del festival i el seu jurat s\u2019encarregaran de seleccionar les obres que participaran en concurs i dels premiats, respectivament.<\/span><\/li>\n<li>\n        <span style=\"font-weight: 400;\">L\u2019organitzaci\u00f3 del festival concedir\u00e0 els seg\u00fcents premis:<\/span><br \/>\n        <span style=\"font-weight: 400;\">a) Premi del Jurat al <b>\u201cMillor curtmetratge InFest Rub\u00ed 2026\u201d<\/b> dotat amb 1.000 \u20ac.<\/span><br \/>\n        <span style=\"font-weight: 400;\">b) Premi del Jurat al <b>\u201cQuasi millor curtmetratge InFest Rub\u00ed 2026\u201d<\/b> dotat amb 250 \u20ac.<\/span><br \/>\n        <span style=\"font-weight: 400;\">c) <b>\u201cPremi del P\u00fablic InFest Rub\u00ed 2026\u201d<\/b> dotat amb 250 \u20ac.<\/span><br \/>\n        <span style=\"font-weight: 400;\">L\u2019ingr\u00e9s de cadascuna d\u2019aquestes quantitats es realitzar\u00e0 per transfer\u00e8ncia banc\u00e0ria. L\u2019organitzaci\u00f3 del festival no es far\u00e0 c\u00e0rrec en cap cas de les comissions relatives a una transfer\u00e8ncia de cr\u00e8dit a un compte corrent no europeu. Per percebre l\u2019import del premi ser\u00e0 condici\u00f3 indispensable l\u2019emissi\u00f3, per part del guanyador, de la factura corresponent. No complir amb aquest requisit implica la ren\u00fancia del guanyador a la percepci\u00f3 de l\u2019import.<\/span>\n    <\/li>\n<li><span style=\"font-weight: 400;\">Els guanyadors es faran p\u00fablics en finalitzar la projecci\u00f3 dels curts a la gala de cloenda del Festival, programada pel dissabte 11 de juliol de 2026.<\/span><\/li>\n<li><span style=\"font-weight: 400;\">La decisi\u00f3 del jurat ser\u00e0 inapel\u00b7lable. L\u2019organitzaci\u00f3 es reserva la possibilitat de declarar desert el premi.<\/span><\/li>\n<li><span style=\"font-weight: 400;\">L\u2019organitzaci\u00f3 podr\u00e0 utilitzar fragments de les obres seleccionades per a la difusi\u00f3 del festival en qualsevol mitj\u00e0 de comunicaci\u00f3 per temps indefinit, sense \u00e0nim de comercialitzar.<\/span><\/li>\n<li><span style=\"font-weight: 400;\">Totes les obres passaran a formar part de la videoteca del Festival i podran ser presentades amb finalitats culturals i\/o educatives, i en cap cas comercials.<\/span><\/li>\n<li><span style=\"font-weight: 400;\">Tots els curts de producci\u00f3 catalana que participin en l\u2019edici\u00f3 de l\u2019InFest d\u2019aquest any opten autom\u00e0ticament al Premi TAC que atorga la <i>Federaci\u00f3 d&#8217;entitats cin\u00e8files<\/i> \u201cTerror Arreu de Catalunya\u201d.<\/span><\/li>\n<li><span style=\"font-weight: 400;\">La presentaci\u00f3 d\u2019una obra audiovisual implica l\u2019acceptaci\u00f3 total d\u2019aquestes bases. Qualsevol situaci\u00f3 o incid\u00e8ncia no prevista en aquestes bases es resoldr\u00e0 segons el criteri del festival. L\u2019InFest no es responsabilitza de la vulneraci\u00f3 dels drets de propietat intel\u00b7lectual de les obres presentades.<\/span><\/li>\n<\/ol>\n<ol start=\"21\">\n<li style=\"text-align: center;\">\n        <span style=\"font-weight: 400;\">L\u2019organitzaci\u00f3 es reserva el dret de realitzar alguna excepci\u00f3 respecte d\u2019aquestes normes si ho considera necessari.<br \/>\n        <img decoding=\"async\" loading=\"lazy\" class=\"alignnone size-full wp-image-17115\" style=\"text-align: center;\" src=\"http:\/\/www.infest.es\/wp-content\/uploads\/2023\/04\/infest_logo_mespetit.png\" alt=\"logo infest\" width=\"150\" height=\"149\" srcset=\"http:\/\/www.infest.es\/wp-content\/uploads\/2023\/04\/infest_logo_mespetit-66x66.png 66w, http:\/\/www.infest.es\/wp-content\/uploads\/2023\/04\/infest_logo_mespetit.png 150w\" sizes=\"(max-width: 150px) 100vw, 150px\" \/><\/span>\n    <\/li>\n<\/ol>\n\t\t\t\t\t\t<\/div>\n\t\t\t\t<\/div>\n\t\t\t\t\t<\/div>\n\t\t<\/div>\n\t\t\t\t\t\t\t<\/div>\n\t\t<\/section>\n\t\t\t\t\t\t\t<\/div>\n\t\t","protected":false},"excerpt":{"rendered":"<p>BASES DE L\u2019ONZENA EDICI\u00d3 DEL FESTIVAL INFEST RUB\u00cd 2026 1. [&hellip;]<\/p>\n","protected":false},"author":1,"featured_media":0,"parent":0,"menu_order":0,"comment_status":"closed","ping_status":"closed","template":"","meta":[],"_links":{"self":[{"href":"http:\/\/www.infest.es\/ca\/wp-json\/wp\/v2\/pages\/20821"}],"collection":[{"href":"http:\/\/www.infest.es\/ca\/wp-json\/wp\/v2\/pages"}],"about":[{"href":"http:\/\/www.infest.es\/ca\/wp-json\/wp\/v2\/types\/page"}],"author":[{"embeddable":true,"href":"http:\/\/www.infest.es\/ca\/wp-json\/wp\/v2\/users\/1"}],"replies":[{"embeddable":true,"href":"http:\/\/www.infest.es\/ca\/wp-json\/wp\/v2\/comments?post=20821"}],"version-history":[{"count":7,"href":"http:\/\/www.infest.es\/ca\/wp-json\/wp\/v2\/pages\/20821\/revisions"}],"predecessor-version":[{"id":20907,"href":"http:\/\/www.infest.es\/ca\/wp-json\/wp\/v2\/pages\/20821\/revisions\/20907"}],"wp:attachment":[{"href":"http:\/\/www.infest.es\/ca\/wp-json\/wp\/v2\/media?parent=20821"}],"curies":[{"name":"wp","href":"https:\/\/api.w.org\/{rel}","templated":true}]}}