{"id":16671,"date":"2022-06-14T18:21:49","date_gmt":"2022-06-14T18:21:49","guid":{"rendered":"http:\/\/www.infest.es\/?page_id=16671"},"modified":"2022-06-14T18:26:03","modified_gmt":"2022-06-14T18:26:03","slug":"el-petit-infest","status":"publish","type":"page","link":"http:\/\/www.infest.es\/ca\/el-petit-infest\/","title":{"rendered":"El Petit Infest"},"content":{"rendered":"<div class=\"fusion-fullwidth fullwidth-box nonhundred-percent-fullwidth non-hundred-percent-height-scrolling\"  style='background-color: #29292a;background-position: center center;background-repeat: no-repeat;padding-top:0px;padding-right:0px;padding-bottom:0px;padding-left:0px;'><div class=\"fusion-builder-row fusion-row \"><div  class=\"fusion-layout-column fusion_builder_column fusion_builder_column_1_4  fusion-one-fourth fusion-column-first 1_4\"  style='margin-top:0px;margin-bottom:20px;width:25%;width:calc(25% - ( ( 4% + 4% ) * 0.25 ) );margin-right: 4%;'>\n\t\t\t\t\t<div class=\"fusion-column-wrapper\" style=\"padding: 0px 0px 0px 0px;background-position:left top;background-repeat:no-repeat;-webkit-background-size:cover;-moz-background-size:cover;-o-background-size:cover;background-size:cover;\"  data-bg-url=\"\">\n\t\t\t\t\t\t<span class=\"fusion-imageframe imageframe-none imageframe-1 hover-type-none\"><img decoding=\"async\" loading=\"lazy\" src=\"http:\/\/www.infest.es\/wp-content\/uploads\/2022\/06\/songofthesea.jpg\" width=\"800\" height=\"1120\" alt=\"\" title=\"songofthesea\" class=\"img-responsive wp-image-16672\" srcset=\"http:\/\/www.infest.es\/wp-content\/uploads\/2022\/06\/songofthesea-200x280.jpg 200w, http:\/\/www.infest.es\/wp-content\/uploads\/2022\/06\/songofthesea-400x560.jpg 400w, http:\/\/www.infest.es\/wp-content\/uploads\/2022\/06\/songofthesea-600x840.jpg 600w, http:\/\/www.infest.es\/wp-content\/uploads\/2022\/06\/songofthesea.jpg 800w\" sizes=\"(max-width: 800px) 100vw, 400px\" \/><\/span><div class=\"fusion-clearfix\"><\/div>\n\n\t\t\t\t\t<\/div>\n\t\t\t\t<\/div><div  class=\"fusion-layout-column fusion_builder_column fusion_builder_column_1_2  fusion-one-half 1_2\"  style='margin-top:0px;margin-bottom:20px;width:50%;width:calc(50% - ( ( 4% + 4% ) * 0.5 ) );margin-right: 4%;'>\n\t\t\t\t\t<div class=\"fusion-column-wrapper\" style=\"padding: 0px 0px 0px 0px;background-position:left top;background-repeat:no-repeat;-webkit-background-size:cover;-moz-background-size:cover;-o-background-size:cover;background-size:cover;\"  data-bg-url=\"\">\n\t\t\t\t\t\t<div class=\"fusion-title title fusion-title-size-one\" style=\"margin-top:0px;margin-bottom:31px;\"><h1 class=\"title-heading-left\"><h1>EL PETIT INFEST<\/h1><\/h1><div class=\"title-sep-container\"><div class=\"title-sep sep-double sep-solid\" style=\"border-color:#3e3e3e;\"><\/div><\/div><\/div><div class=\"fusion-text\"><h3><b>\u00a0(dissabte 9 de juliol, a les 10h)<\/b><\/h3>\n<p>Un any m\u00e9s comptem amb el suport de la Biblioteca Mestre Mart\u00ed Tauler de Rub\u00ed. Enguany, ens reunirem al seu auditori per projectar la pel\u00b7l\u00edcula \u201cSong of the Sea\u201d (\u201cLa can\u00e7\u00f3 del mar\u201d).<\/p>\n<h2><b>Song of the sea<\/b><\/h2>\n<p>Recordant al millor de Hayao Miyazaki, aquesta pel\u00b7l\u00edcula narra la hist\u00f2ria del viatge a casa del darrer Nen Foca. Despr\u00e9s de la desaparici\u00f3 de la seva mare, Ben i Saoirse s\u00f3n enviats a viure amb la seva \u00e0via a la ciutat. Quan decideixen tornar a casa, el seu viatge es converteix en una carrera contra el temps a mesura que s&#8217;internen en un m\u00f3n que Ben nom\u00e9s coneix a trav\u00e9s de les llegendes que li narrava la seva mare.<\/p>\n<\/div><div class=\"fusion-clearfix\"><\/div>\n\n\t\t\t\t\t<\/div>\n\t\t\t\t<\/div><div  class=\"fusion-layout-column fusion_builder_column fusion_builder_column_1_4  fusion-one-fourth fusion-column-last 1_4\"  style='margin-top:0px;margin-bottom:20px;width:25%;width:calc(25% - ( ( 4% + 4% ) * 0.25 ) );'>\n\t\t\t\t\t<div class=\"fusion-column-wrapper\" style=\"padding: 0px 0px 0px 0px;background-position:left top;background-repeat:no-repeat;-webkit-background-size:cover;-moz-background-size:cover;-o-background-size:cover;background-size:cover;\"  data-bg-url=\"\">\n\t\t\t\t\t\t<div class=\"fusion-clearfix\"><\/div>\n\n\t\t\t\t\t<\/div>\n\t\t\t\t<\/div><\/div><\/div>\n","protected":false},"excerpt":{"rendered":"","protected":false},"author":1,"featured_media":0,"parent":0,"menu_order":0,"comment_status":"closed","ping_status":"closed","template":"","meta":[],"_links":{"self":[{"href":"http:\/\/www.infest.es\/ca\/wp-json\/wp\/v2\/pages\/16671"}],"collection":[{"href":"http:\/\/www.infest.es\/ca\/wp-json\/wp\/v2\/pages"}],"about":[{"href":"http:\/\/www.infest.es\/ca\/wp-json\/wp\/v2\/types\/page"}],"author":[{"embeddable":true,"href":"http:\/\/www.infest.es\/ca\/wp-json\/wp\/v2\/users\/1"}],"replies":[{"embeddable":true,"href":"http:\/\/www.infest.es\/ca\/wp-json\/wp\/v2\/comments?post=16671"}],"version-history":[{"count":5,"href":"http:\/\/www.infest.es\/ca\/wp-json\/wp\/v2\/pages\/16671\/revisions"}],"predecessor-version":[{"id":16678,"href":"http:\/\/www.infest.es\/ca\/wp-json\/wp\/v2\/pages\/16671\/revisions\/16678"}],"wp:attachment":[{"href":"http:\/\/www.infest.es\/ca\/wp-json\/wp\/v2\/media?parent=16671"}],"curies":[{"name":"wp","href":"https:\/\/api.w.org\/{rel}","templated":true}]}}