{"id":15467,"date":"2021-06-21T08:04:11","date_gmt":"2021-06-21T08:04:11","guid":{"rendered":"http:\/\/www.infest.es\/?page_id=15467"},"modified":"2021-06-21T08:04:11","modified_gmt":"2021-06-21T08:04:11","slug":"tractament-de-dades","status":"publish","type":"page","link":"http:\/\/www.infest.es\/ca\/tractament-de-dades\/","title":{"rendered":"Tractament de dades"},"content":{"rendered":"<div class=\"fusion-fullwidth fullwidth-box nonhundred-percent-fullwidth non-hundred-percent-height-scrolling\"  style='background-color: #29292a;background-position: center center;background-repeat: no-repeat;padding-top:0px;padding-right:0px;padding-bottom:0px;padding-left:0px;'><div class=\"fusion-builder-row fusion-row \"><div  class=\"fusion-layout-column fusion_builder_column fusion_builder_column_2_3  fusion-two-third fusion-column-first 2_3\"  style='margin-top:0px;margin-bottom:0px;width:65.3333%; margin-right: 4%;'>\n\t\t\t\t\t<div class=\"fusion-column-wrapper\" style=\"padding: 0px 0px 0px 0px;background-position:left top;background-repeat:no-repeat;-webkit-background-size:cover;-moz-background-size:cover;-o-background-size:cover;background-size:cover;\"  data-bg-url=\"\">\n\t\t\t\t\t\t<div class=\"fusion-text\"><h2>Pol\u00edtica de privacitat<\/h2>\n<p>Si us plau, llegeix detingudament la Pol\u00edtica de Privadesa del nostre lloc web.<\/p>\n<p>Aix\u00ed podr\u00e0s tenir tota la informaci\u00f3 legal i entendre de forma m\u00e9s clara el tractament que realitzem sobre les teves dades personals, la justificaci\u00f3 legal i els drets que t\u2019assisteixen en relaci\u00f3 amb els mateixos.<\/p>\n<p>A aquests efectes, entenem per dada personal qualsevol informaci\u00f3 sobre tu, com ara el teu nom i cognoms o la teva adre\u00e7a de correu electr\u00f2nic. Per descomptat, tractarem totes les dades que ens facilitis donant ple i estricte compliment a totes les exig\u00e8ncies legals que ens s\u00f3n d&#8217;aplicaci\u00f3. Diem aix\u00f2 perqu\u00e8 a Tiamat Teatre li donem molta import\u00e0ncia a la teva privacitat i a la teva intimitat, i ens esforcem en protegir-la. En aquesta pol\u00edtica de privacitat tens la informaci\u00f3 legal general sobre, entre altres q\u00fcestions, l&#8217;\u00fas que li donarem a les teves dades personals, si alg\u00fa m\u00e9s hi accedir\u00e0, si les conservarem per a utilitzar per altres finalitats diferents, o dels diferents drets que la llei et concedeix per protegir la teva privadesa.<\/p>\n<h4>Qui \u00e9s el responsable del tractament de les teves dades?<\/h4>\n<p>L&#8217;entitat responsable del tractament de les teves dades personals \u00e9s \u00ab<strong>Associaci\u00f3 Juvenil Tiamat Teatre<\/strong>\u00bb amb CIF G65958019 (d&#8217;ara endavant \u00abTiamat Teatre\u00bb).<\/p>\n<p>Adre\u00e7a de correu electr\u00f2nic: <a href=\"mailto:infest.rubi@gmail.com\">infest.rubi@gmail.com<\/a>.<\/p>\n<p><strong>Amb quina finalitat, i base legal, utilitzem les teves dades?<\/strong><\/p>\n<p>En Tiamat Teatre tractarem les teves dades personals per poder atendre la sol\u00b7licitud que ens formules. En particular, els podrem tractar per:<\/p>\n<p>&#8211; La gesti\u00f3 de el Servei de reserva d&#8217;entrades sol\u00b7licitat per part de l &#8216;usuari.<\/p>\n<p>&#8211; Enviament e-mails de confirmaci\u00f3 de reserva d&#8217;entrades i d&#8217;informaci\u00f3 relacionada amb l&#8217;Esdeveniment. L&#8217;usuari \u00e9s responsable de la veracitat i actualitzaci\u00f3 de les dades facilitades, havent de ser aquestes dades propies, reals i exactes. Les dades facilitades s&#8217;entendran facilitades pel seu titular.<\/p>\n<p>L&#8217;usuari ser\u00e0 l&#8217;\u00daNIC responsable de QUALSEVOL perjudici, directe o INDIRECTE, que pogues ocasionar a QUALSEVOL persona a causa de la FACILITACI\u00d3 de les dades Quan aquestes siguin falses, inexactes, incompletes, no actualitzades, o Relatives a Una altra persona.<\/p>\n<p>Dit l&#8217;anterior, passem a indicar-te la base legal que ens permet tractar les teves dades personals segons l&#8217;\u00fas que li anem a donar:<\/p>\n<p>Inter\u00e8s leg\u00edtim:<\/p>\n<p>Tractarem les teves dades personals per a gestionar el servei de reserva d&#8217;entrades, aix\u00ed com per a l&#8217;enviament d&#8217;e-mails de confirmaci\u00f3 de reserva d&#8217;entrada i informaci\u00f3 relacionada amb l&#8217;esdeveniment. En aquests casos entenem que en Tiamat Teatre tenim un inter\u00e8s leg\u00edtim per utilitzar la informaci\u00f3 que ens facilitis. Entenem que l&#8217;inter\u00e8s que tenim a utilitzar les teves dades per respondre les peticions i sol\u00b7licituds que ens formulis, no danya la teva privacitat ni perjudica les teves expectatives d&#8217;intimitat.<\/p>\n<p><strong>Compartirem amb alg\u00fa les teves dades personals?<\/strong><\/p>\n<p>Tiamat Teatre \u00e9s l&#8217;entitat legalment responsable de la recollida, utilitzaci\u00f3, conservaci\u00f3 i eliminaci\u00f3, quan sigui procedent, de les teves dades. Per tant, i per regla general, les teves dades solament els utilitzarem en Tiamat Teatre, i no els cedirem a cap tercer. No obstant aix\u00f2, s\u00ed que volem que s\u00e0pigues que a Tiamat Teatre comptem amb la col\u00b7laboraci\u00f3 de tercers prove\u00efdors de serveis que ocasionalment poden tenir acc\u00e9s a les teves dades personals. Ens referim per exemple a empreses prove\u00efdores de serveis tecnol\u00f2gics o inform\u00e0tics. En aquest sentit volem aclarir que subscriurem amb aquests prove\u00efdors el corresponent contracte mitjan\u00e7ant el qual els imposarem, entre d&#8217;altres, l&#8217;obligaci\u00f3 d&#8217;aplicar mesures t\u00e8cniques i organitzatives apropiades; tractar les dades als quals accedeixin \u00fanicament per complir el nostre enc\u00e0rrec i instruccions, i suprimir-los o tornar-los un cop finalitzin els seus serveis.<\/p>\n<p><strong>Durant quant de temps conservarem les teves dades?<\/strong><\/p>\n<p>En Tiamat Teatre conservarem la informaci\u00f3 que ens facilitis durant el temps estrictament necessari per gestionar i respondre a la teva sol\u00b7licitud. Un cop gestionada la teva sol\u00b7licitud, \u00fanicament conservarem les teves dades durant els terminis legals de prescripci\u00f3, per\u00f2 degudament bloquejades i nom\u00e9s amb aquesta finalitat. Quins s\u00f3n els teus drets quan ens facilites les teves dades? La llei et reconeix una s\u00e8rie de drets, que has de con\u00e8ixer i pots exercitar per protegir la teva privadesa. Ens referim principalment al teu dret a:<\/p>\n<ol>\n<li>Confirmar si a Tiamat Teatre estem tractant dades personals teves o no i, en aquest cas<br \/>\na. accedir-hi,<br \/>\nb. sol\u00b7licitar la seva rectificaci\u00f3 si creus que s\u00f3n inexactes o, si s&#8217;escau,<br \/>\nc. demanar la seva supressi\u00f3 quan, entre altres motius, consideres que ja no s\u00f3n necessaris, tenint en compte per a qu\u00e8 ens els vas donar.<\/li>\n<li>En determinades circumst\u00e0ncies, podr\u00e0s sol\u00b7licitar tamb\u00e9 limitar l&#8217;\u00fas que fem de les teves dades, o fins i tot oposar-te a que els seguim utilitzant. En aquest cas deixarem d&#8217;utilitzar-los, excepte per motius leg\u00edtims imperiosos o l&#8217;exercici o la defensa de possibles reclamacions.<\/li>\n<li>Tamb\u00e9 tindr\u00e0s dret a demanar la portabilitat de les dades que ens hagis facilitat, perqu\u00e8 si t&#8217;interessa te&#8217;ls enviem directament a tu o a un tercer que tu ens indiquis, en un format d&#8217;\u00fas com\u00fa i lectura mec\u00e0nica.<\/li>\n<li>Per descomptat, tens dret a retirar en qualsevol moment les autoritzacions espec\u00edfiques que ens hagis pogut donar per utilitzar les teves dades personals.<\/li>\n<li>Finalment, pots presentar qualsevol reclamaci\u00f3 davant Tiamat Teatre i \/ o davant l&#8217;Ag\u00e8ncia Espanyola de Protecci\u00f3 de Dades (com a tal Autoritat de Control competent en mat\u00e8ria de protecci\u00f3 de dades), especialment quan hagis exercit algun dret i no l&#8217;haguem at\u00e8s en els termes legalment establerts.<\/li>\n<\/ol>\n<p>Aquests drets dels que t&#8217;hem informat podr\u00e0s exercitar-los presencialment o mitjan\u00e7ant un correu electr\u00f2nic a l&#8217;e-mail <a href=\"mailto:infest.rubi@gmail.com\">infest.rubi@gmail.com<\/a>.<\/p>\n<\/div><div class=\"fusion-clearfix\"><\/div>\n\n\t\t\t\t\t<\/div>\n\t\t\t\t<\/div><\/div><\/div>\n","protected":false},"excerpt":{"rendered":"","protected":false},"author":1,"featured_media":0,"parent":0,"menu_order":0,"comment_status":"closed","ping_status":"closed","template":"","meta":[],"_links":{"self":[{"href":"http:\/\/www.infest.es\/ca\/wp-json\/wp\/v2\/pages\/15467"}],"collection":[{"href":"http:\/\/www.infest.es\/ca\/wp-json\/wp\/v2\/pages"}],"about":[{"href":"http:\/\/www.infest.es\/ca\/wp-json\/wp\/v2\/types\/page"}],"author":[{"embeddable":true,"href":"http:\/\/www.infest.es\/ca\/wp-json\/wp\/v2\/users\/1"}],"replies":[{"embeddable":true,"href":"http:\/\/www.infest.es\/ca\/wp-json\/wp\/v2\/comments?post=15467"}],"version-history":[{"count":2,"href":"http:\/\/www.infest.es\/ca\/wp-json\/wp\/v2\/pages\/15467\/revisions"}],"predecessor-version":[{"id":15471,"href":"http:\/\/www.infest.es\/ca\/wp-json\/wp\/v2\/pages\/15467\/revisions\/15471"}],"wp:attachment":[{"href":"http:\/\/www.infest.es\/ca\/wp-json\/wp\/v2\/media?parent=15467"}],"curies":[{"name":"wp","href":"https:\/\/api.w.org\/{rel}","templated":true}]}}